{"id":29,"date":"2025-03-12T09:21:21","date_gmt":"2025-03-12T12:21:21","guid":{"rendered":"https:\/\/edukatu.org.br\/chistorias\/?page_id=29"},"modified":"2025-04-15T20:10:40","modified_gmt":"2025-04-15T23:10:40","slug":"oficinas-ao-vivo","status":"publish","type":"page","link":"https:\/\/edukatu.org.br\/chistorias\/oficinas-ao-vivo\/","title":{"rendered":"Oficinas ao vivo"},"content":{"rendered":"\t\t<div data-elementor-type=\"wp-page\" data-elementor-id=\"29\" class=\"elementor elementor-29\" data-elementor-post-type=\"page\">\n\t\t\t\t<div class=\"elementor-element elementor-element-49e9833 e-con-full workshop e-flex e-con e-parent\" data-id=\"49e9833\" data-element_type=\"container\" data-settings=\"{&quot;background_background&quot;:&quot;gradient&quot;}\">\n\t\t<div class=\"elementor-element elementor-element-d7baccc workshop-box e-flex e-con-boxed e-con e-child\" data-id=\"d7baccc\" data-element_type=\"container\" id=\"content\">\n\t\t\t\t\t<div class=\"e-con-inner\">\n\t\t<div class=\"elementor-element elementor-element-823a97d e-con-full workshop-text e-flex elementor-invisible e-con e-child\" data-id=\"823a97d\" data-element_type=\"container\" data-settings=\"{&quot;animation&quot;:&quot;fadeIn&quot;,&quot;animation_delay&quot;:500}\">\n\t\t\t\t<div class=\"elementor-element elementor-element-4855448 elementor-widget elementor-widget-heading\" data-id=\"4855448\" data-element_type=\"widget\" data-widget_type=\"heading.default\">\n\t\t\t\t<div class=\"elementor-widget-container\">\n\t\t\t\t\t<h1 class=\"elementor-heading-title elementor-size-default\">Oficinas ao vivo<\/h1>\t\t\t\t<\/div>\n\t\t\t\t<\/div>\n\t\t\t\t<div class=\"elementor-element elementor-element-dfb3fa4 elementor-widget__width-initial elementor-widget elementor-widget-heading\" data-id=\"dfb3fa4\" data-element_type=\"widget\" data-widget_type=\"heading.default\">\n\t\t\t\t<div class=\"elementor-widget-container\">\n\t\t\t\t\t<p class=\"elementor-heading-title elementor-size-default\">Sua oficina on-line est\u00e1 para come\u00e7ar? Confira abaixo os links para as oficinas agendadas para hoje:<\/p>\t\t\t\t<\/div>\n\t\t\t\t<\/div>\n\t\t\t\t<\/div>\n\t\t\t\t<div class=\"elementor-element elementor-element-643c6c3 elementor-invisible elementor-widget elementor-widget-jet-listing-grid\" data-id=\"643c6c3\" data-element_type=\"widget\" data-settings=\"{&quot;columns&quot;:3,&quot;columns_tablet&quot;:&quot;2&quot;,&quot;columns_mobile&quot;:&quot;1&quot;,&quot;_animation&quot;:&quot;fadeIn&quot;,&quot;_animation_delay&quot;:500}\" data-widget_type=\"jet-listing-grid.default\">\n\t\t\t\t<div class=\"elementor-widget-container\">\n\t\t\t\t\t<div class=\"jet-listing-grid jet-listing\"><div class=\"jet-listing-not-found jet-listing-grid__items\" data-nav=\"{&quot;enabled&quot;:true,&quot;type&quot;:&quot;scroll&quot;,&quot;more_el&quot;:null,&quot;query&quot;:{&quot;post_status&quot;:[&quot;publish&quot;],&quot;post_type&quot;:&quot;oficinas-ao-vivo&quot;,&quot;posts_per_page&quot;:&quot;9&quot;,&quot;paged&quot;:&quot;1&quot;,&quot;ignore_sticky_posts&quot;:&quot;1&quot;,&quot;meta_query&quot;:[{&quot;key&quot;:&quot;data_da_oficina&quot;,&quot;value&quot;:&quot;2026-04-20&quot;,&quot;compare&quot;:&quot;=&quot;,&quot;type&quot;:&quot;CHAR&quot;}],&quot;order&quot;:&quot;ASC&quot;,&quot;orderby&quot;:&quot;meta_value&quot;,&quot;meta_key&quot;:&quot;hora_do_inicio&quot;,&quot;suppress_filters&quot;:false,&quot;jet_smart_filters&quot;:&quot;jet-engine\\\/default&quot;},&quot;widget_settings&quot;:{&quot;lisitng_id&quot;:1483,&quot;posts_num&quot;:9,&quot;columns&quot;:3,&quot;columns_tablet&quot;:2,&quot;columns_mobile&quot;:1,&quot;column_min_width&quot;:240,&quot;column_min_width_tablet&quot;:240,&quot;column_min_width_mobile&quot;:240,&quot;inline_columns_css&quot;:false,&quot;is_archive_template&quot;:&quot;&quot;,&quot;post_status&quot;:[&quot;publish&quot;],&quot;use_random_posts_num&quot;:&quot;&quot;,&quot;max_posts_num&quot;:9,&quot;not_found_message&quot;:&quot;&lt;div class=\\&quot;no-result\\&quot;&gt;&lt;span class=\\&quot;no-result-title\\&quot;&gt;Nenhuma oficina acontecendo hoje!&lt;\\\/span&gt;&lt;a href=\\&quot;\\\/chistorias\\\/\\&quot; class=\\&quot;no-result-btn\\&quot;&gt;Voltar ao in\\u00edcio&lt;\\\/a&gt;&lt;\\\/div&gt;&quot;,&quot;is_masonry&quot;:false,&quot;equal_columns_height&quot;:&quot;yes&quot;,&quot;use_load_more&quot;:&quot;yes&quot;,&quot;load_more_id&quot;:&quot;&quot;,&quot;load_more_type&quot;:&quot;scroll&quot;,&quot;load_more_offset&quot;:{&quot;unit&quot;:&quot;px&quot;,&quot;size&quot;:0,&quot;sizes&quot;:[]},&quot;use_custom_post_types&quot;:&quot;&quot;,&quot;custom_post_types&quot;:[],&quot;hide_widget_if&quot;:&quot;&quot;,&quot;carousel_enabled&quot;:&quot;&quot;,&quot;slides_to_scroll&quot;:&quot;1&quot;,&quot;arrows&quot;:&quot;true&quot;,&quot;arrow_icon&quot;:&quot;fa fa-angle-left&quot;,&quot;dots&quot;:&quot;&quot;,&quot;autoplay&quot;:&quot;true&quot;,&quot;pause_on_hover&quot;:&quot;true&quot;,&quot;autoplay_speed&quot;:5000,&quot;infinite&quot;:&quot;true&quot;,&quot;center_mode&quot;:&quot;&quot;,&quot;effect&quot;:&quot;slide&quot;,&quot;speed&quot;:500,&quot;inject_alternative_items&quot;:&quot;&quot;,&quot;injection_items&quot;:[],&quot;scroll_slider_enabled&quot;:&quot;&quot;,&quot;scroll_slider_on&quot;:[&quot;desktop&quot;,&quot;tablet&quot;,&quot;mobile&quot;],&quot;custom_query&quot;:false,&quot;custom_query_id&quot;:&quot;&quot;,&quot;_element_id&quot;:&quot;&quot;,&quot;collapse_first_last_gap&quot;:false,&quot;list_items_wrapper_tag&quot;:&quot;div&quot;,&quot;list_item_tag&quot;:&quot;div&quot;,&quot;empty_items_wrapper_tag&quot;:&quot;div&quot;}}\" data-listing-source=\"posts\" data-listing-id=\"1483\" data-query-id=\"\" data-queried-id=\"29|WP_Post\"><div class=\"no-result\"><span class=\"no-result-title\">Nenhuma oficina acontecendo hoje!<\/span><a href=\"\/chistorias\/\" class=\"no-result-btn\">Voltar ao in\u00edcio<\/a><\/div><\/div><\/div>\t\t\t\t<\/div>\n\t\t\t\t<\/div>\n\t\t\t\t<div class=\"elementor-element elementor-element-ef0f864 js-code elementor-widget elementor-widget-html\" data-id=\"ef0f864\" data-element_type=\"widget\" data-widget_type=\"html.default\">\n\t\t\t\t<div class=\"elementor-widget-container\">\n\t\t\t\t\t<script>\nfunction workshopMonitorNotFoundClass() {\n    const workshopText = document.querySelector(\".workshop-text\");\n    \n    if (!workshopText) return;\n    \n    function checkAndToggleClass() {\n        const workshopGrid = document.querySelector(\".jet-listing-grid__items\");\n        \/\/ console.log(\"workshopGrid encontrado:\", workshopGrid);\n        \n        if (workshopGrid && workshopGrid.classList.contains(\"jet-listing-not-found\")) {\n            if (!workshopText.classList.contains(\"workshop-hidden\")) {\n                workshopText.classList.add(\"workshop-hidden\");\n                \/\/ console.log(\"Classe 'workshop-hidden' adicionada ao workshopText\");\n            }\n        } else {\n            if (workshopText.classList.contains(\"workshop-hidden\")) {\n                workshopText.classList.remove(\"workshop-hidden\");\n                \/\/ console.log(\"Classe 'workshop-hidden' removida do workshopText\");\n            }\n        }\n    }\n    \n    const workshopObserver = new MutationObserver((mutationsList) => {\n        for (const mutation of mutationsList) {\n            if (mutation.type === \"childList\" || (mutation.type === \"attributes\" && mutation.target.classList.contains(\"jet-listing-grid__items\"))) {\n                setTimeout(checkAndToggleClass, 100);\n            }\n        }\n    });\n    \n    workshopObserver.observe(document.body, { childList: true, subtree: true, attributes: true, attributeFilter: [\"class\"] });\n    \n    checkAndToggleClass();\n}\n\ndocument.addEventListener(\"DOMContentLoaded\", workshopMonitorNotFoundClass);\n<\/script>\t\t\t\t<\/div>\n\t\t\t\t<\/div>\n\t\t\t\t\t<\/div>\n\t\t\t\t<\/div>\n\t\t\t\t<\/div>\n\t\t\t\t<\/div>\n\t\t","protected":false},"excerpt":{"rendered":"<p>Oficinas ao vivo Sua oficina on-line est\u00e1 para come\u00e7ar? Confira abaixo os links para as oficinas agendadas para hoje: Nenhuma oficina acontecendo hoje!Voltar ao in\u00edcio<\/p>\n","protected":false},"author":1,"featured_media":0,"parent":0,"menu_order":0,"comment_status":"closed","ping_status":"closed","template":"elementor_header_footer","meta":{"footnotes":""},"class_list":["post-29","page","type-page","status-publish","hentry"],"_links":{"self":[{"href":"https:\/\/edukatu.org.br\/chistorias\/wp-json\/wp\/v2\/pages\/29","targetHints":{"allow":["GET"]}}],"collection":[{"href":"https:\/\/edukatu.org.br\/chistorias\/wp-json\/wp\/v2\/pages"}],"about":[{"href":"https:\/\/edukatu.org.br\/chistorias\/wp-json\/wp\/v2\/types\/page"}],"author":[{"embeddable":true,"href":"https:\/\/edukatu.org.br\/chistorias\/wp-json\/wp\/v2\/users\/1"}],"replies":[{"embeddable":true,"href":"https:\/\/edukatu.org.br\/chistorias\/wp-json\/wp\/v2\/comments?post=29"}],"version-history":[{"count":18,"href":"https:\/\/edukatu.org.br\/chistorias\/wp-json\/wp\/v2\/pages\/29\/revisions"}],"predecessor-version":[{"id":2348,"href":"https:\/\/edukatu.org.br\/chistorias\/wp-json\/wp\/v2\/pages\/29\/revisions\/2348"}],"wp:attachment":[{"href":"https:\/\/edukatu.org.br\/chistorias\/wp-json\/wp\/v2\/media?parent=29"}],"curies":[{"name":"wp","href":"https:\/\/api.w.org\/{rel}","templated":true}]}}