{"id":31,"date":"2025-03-12T09:21:30","date_gmt":"2025-03-12T12:21:30","guid":{"rendered":"https:\/\/edukatu.org.br\/chistorias\/?page_id=31"},"modified":"2025-04-16T17:46:42","modified_gmt":"2025-04-16T20:46:42","slug":"quem-somos","status":"publish","type":"page","link":"https:\/\/edukatu.org.br\/chistorias\/quem-somos\/","title":{"rendered":"Quem somos"},"content":{"rendered":"\t\t<div data-elementor-type=\"wp-page\" data-elementor-id=\"31\" class=\"elementor elementor-31\" data-elementor-post-type=\"page\">\n\t\t\t\t<div class=\"elementor-element elementor-element-688dd37 e-con-full about e-flex e-con e-parent\" data-id=\"688dd37\" data-element_type=\"container\" data-settings=\"{&quot;background_background&quot;:&quot;classic&quot;}\">\n\t\t<div class=\"elementor-element elementor-element-e5e98d3 about-box e-flex e-con-boxed e-con e-child\" data-id=\"e5e98d3\" data-element_type=\"container\" id=\"content\" tabindex=\"-1\">\n\t\t\t\t\t<div class=\"e-con-inner\">\n\t\t<div class=\"elementor-element elementor-element-7d95139 e-con-full e-flex e-con e-child\" data-id=\"7d95139\" data-element_type=\"container\">\n\t\t\t\t<div class=\"elementor-element elementor-element-3e26580 elementor-widget__width-initial elementor-widget-tablet__width-inherit elementor-widget elementor-widget-heading\" data-id=\"3e26580\" data-element_type=\"widget\" data-widget_type=\"heading.default\">\n\t\t\t\t<div class=\"elementor-widget-container\">\n\t\t\t\t\t<h1 class=\"elementor-heading-title elementor-size-default\">Quem somos<\/h1>\t\t\t\t<\/div>\n\t\t\t\t<\/div>\n\t\t\t\t<div class=\"elementor-element elementor-element-d234f83 elementor-widget__width-initial elementor-widget-tablet__width-inherit elementor-widget elementor-widget-text-editor\" data-id=\"d234f83\" data-element_type=\"widget\" data-widget_type=\"text-editor.default\">\n\t\t\t\t<div class=\"elementor-widget-container\">\n\t\t\t\t\t\t\t\t\t<p>O Edukatu Conta\u00e7\u00e3o de Hist\u00f3rias busca incentivar que os e as participantes repensem e reflitam sobre seus pr\u00f3prios h\u00e1bitos de consumo a partir de uma hist\u00f3ria infantojuvenil criada especialmente para o projeto. Assim, crian\u00e7as e adolescentes s\u00e3o encorajados por meio de oficinas l\u00fadicas presenciais ou on-line a incorporar no dia a dia mudan\u00e7as e pr\u00e1ticas voltadas para um estilo de vida mais sustent\u00e1vel.<\/p>\t\t\t\t\t\t\t\t<\/div>\n\t\t\t\t<\/div>\n\t\t\t\t<div class=\"elementor-element elementor-element-11d721c elementor-widget__width-initial elementor-widget-tablet__width-inherit elementor-widget elementor-widget-text-editor\" data-id=\"11d721c\" data-element_type=\"widget\" data-widget_type=\"text-editor.default\">\n\t\t\t\t<div class=\"elementor-widget-container\">\n\t\t\t\t\t\t\t\t\t<p>O projeto faz parte do programa Edukatu, que h\u00e1 quase 15 anos incentiva a troca de conhecimentos e pr\u00e1ticas sobre consumo consciente entre estudantes e profissionais da Educa\u00e7\u00e3o B\u00e1sica por meio de uma plataforma digital e a\u00e7\u00f5es de sensibiliza\u00e7\u00e3o e mobiliza\u00e7\u00e3o presenciais ou \u00e0 dist\u00e2ncia.\u00a0<\/p>\t\t\t\t\t\t\t\t<\/div>\n\t\t\t\t<\/div>\n\t\t\t\t<div class=\"elementor-element elementor-element-148bfc5 elementor-widget__width-initial elementor-widget-tablet__width-inherit elementor-widget elementor-widget-text-editor\" data-id=\"148bfc5\" data-element_type=\"widget\" data-widget_type=\"text-editor.default\">\n\t\t\t\t<div class=\"elementor-widget-container\">\n\t\t\t\t\t\t\t\t\t<p>Realizado pelo Minist\u00e9rio da Cultura, Governo Federal, por meio da Lei de Incentivo \u00e0 Cultura, e pelo Instituto Akatu, o Edukatu Conta\u00e7\u00e3o de Hist\u00f3rias est\u00e1 inscrito no Programa Nacional de Apoio \u00e0 Cultura (Pronac) sob o n\u00famero 230069 e conta com o apoio do Instituto GPA, da Secretaria de Educa\u00e7\u00e3o de S\u00e3o Bernardo do Campo e da Secretaria de Educa\u00e7\u00e3o de Vit\u00f3ria, e o patroc\u00ednio de Extra Mercado, Faber Castell, Mizu Cimentos e Polimix Concreto.<\/p>\t\t\t\t\t\t\t\t<\/div>\n\t\t\t\t<\/div>\n\t\t\t\t<\/div>\n\t\t<div class=\"elementor-element elementor-element-606b6d7 e-con-full e-flex e-con e-child\" data-id=\"606b6d7\" data-element_type=\"container\">\n\t\t\t\t<div class=\"elementor-element elementor-element-910452e elementor-widget elementor-widget-image\" data-id=\"910452e\" data-element_type=\"widget\" data-widget_type=\"image.default\">\n\t\t\t\t<div class=\"elementor-widget-container\">\n\t\t\t\t\t\t\t\t\t\t\t\t\t\t\t<img fetchpriority=\"high\" decoding=\"async\" width=\"977\" height=\"1353\" src=\"https:\/\/edukatu.org.br\/chistorias\/wp-content\/uploads\/2025\/04\/about-image-01.png\" class=\"attachment-full size-full wp-image-2460\" alt=\"Edukatu Conta\u00e7\u00e3o de Hist\u00f3rias\" srcset=\"https:\/\/edukatu.org.br\/chistorias\/wp-content\/uploads\/2025\/04\/about-image-01.png 977w, https:\/\/edukatu.org.br\/chistorias\/wp-content\/uploads\/2025\/04\/about-image-01-217x300.png 217w, https:\/\/edukatu.org.br\/chistorias\/wp-content\/uploads\/2025\/04\/about-image-01-739x1024.png 739w, https:\/\/edukatu.org.br\/chistorias\/wp-content\/uploads\/2025\/04\/about-image-01-768x1064.png 768w\" sizes=\"(max-width: 977px) 100vw, 977px\" \/>\t\t\t\t\t\t\t\t\t\t\t\t\t\t\t<\/div>\n\t\t\t\t<\/div>\n\t\t\t\t<\/div>\n\t\t\t\t\t<\/div>\n\t\t\t\t<\/div>\n\t\t\t\t<\/div>\n\t\t\t\t<\/div>\n\t\t","protected":false},"excerpt":{"rendered":"<p>Quem somos O Edukatu Conta\u00e7\u00e3o de Hist\u00f3rias busca incentivar que os e as participantes repensem e reflitam sobre seus pr\u00f3prios h\u00e1bitos de consumo a partir de uma hist\u00f3ria infantojuvenil criada especialmente para o projeto. Assim, crian\u00e7as e adolescentes s\u00e3o encorajados por meio de oficinas l\u00fadicas presenciais ou on-line a incorporar no dia a dia mudan\u00e7as [&hellip;]<\/p>\n","protected":false},"author":1,"featured_media":0,"parent":0,"menu_order":0,"comment_status":"closed","ping_status":"closed","template":"elementor_header_footer","meta":{"footnotes":""},"class_list":["post-31","page","type-page","status-publish","hentry"],"_links":{"self":[{"href":"https:\/\/edukatu.org.br\/chistorias\/wp-json\/wp\/v2\/pages\/31","targetHints":{"allow":["GET"]}}],"collection":[{"href":"https:\/\/edukatu.org.br\/chistorias\/wp-json\/wp\/v2\/pages"}],"about":[{"href":"https:\/\/edukatu.org.br\/chistorias\/wp-json\/wp\/v2\/types\/page"}],"author":[{"embeddable":true,"href":"https:\/\/edukatu.org.br\/chistorias\/wp-json\/wp\/v2\/users\/1"}],"replies":[{"embeddable":true,"href":"https:\/\/edukatu.org.br\/chistorias\/wp-json\/wp\/v2\/comments?post=31"}],"version-history":[{"count":21,"href":"https:\/\/edukatu.org.br\/chistorias\/wp-json\/wp\/v2\/pages\/31\/revisions"}],"predecessor-version":[{"id":2463,"href":"https:\/\/edukatu.org.br\/chistorias\/wp-json\/wp\/v2\/pages\/31\/revisions\/2463"}],"wp:attachment":[{"href":"https:\/\/edukatu.org.br\/chistorias\/wp-json\/wp\/v2\/media?parent=31"}],"curies":[{"name":"wp","href":"https:\/\/api.w.org\/{rel}","templated":true}]}}